{"id":1980,"date":"2024-12-15T12:12:06","date_gmt":"2024-12-15T12:12:06","guid":{"rendered":"https:\/\/inbiofert.pe\/?page_id=1980"},"modified":"2024-12-15T12:43:23","modified_gmt":"2024-12-15T12:43:23","slug":"oportunidad","status":"publish","type":"page","link":"https:\/\/inbiofert.pe\/en\/oportunidad\/","title":{"rendered":"oportunidad"},"content":{"rendered":"<div data-elementor-type=\"wp-page\" data-elementor-id=\"1980\" class=\"elementor elementor-1980\">\n\t\t\t\t\t\t<section class=\"elementor-section elementor-top-section elementor-element elementor-element-a7yvuyc elementor-section-content-middle elementor-section-boxed elementor-section-height-default elementor-section-height-default wpr-particle-no wpr-jarallax-no wpr-parallax-no wpr-sticky-section-no\" data-id=\"a7yvuyc\" data-element_type=\"section\">\n\t\t\t\t\t\t\t<div class=\"elementor-background-overlay\"><\/div>\n\t\t\t\t\t\t\t<div class=\"elementor-container elementor-column-gap-no\">\n\t\t\t\t\t<div class=\"elementor-column elementor-col-100 elementor-top-column elementor-element elementor-element-ae5748a\" data-id=\"ae5748a\" data-element_type=\"column\">\n\t\t\t<div class=\"elementor-widget-wrap elementor-element-populated\">\n\t\t\t\t\t\t<div class=\"elementor-element elementor-element-0d08f75 elementor-widget elementor-widget-heading\" data-id=\"0d08f75\" data-element_type=\"widget\" data-widget_type=\"heading.default\">\n\t\t\t\t<div class=\"elementor-widget-container\">\n\t\t\t<style>\/*! elementor - v3.22.0 - 26-06-2024 *\/\n.elementor-heading-title{padding:0;margin:0;line-height:1}.elementor-widget-heading .elementor-heading-title[class*=elementor-size-]>a{color:inherit;font-size:inherit;line-height:inherit}.elementor-widget-heading .elementor-heading-title.elementor-size-small{font-size:15px}.elementor-widget-heading .elementor-heading-title.elementor-size-medium{font-size:19px}.elementor-widget-heading .elementor-heading-title.elementor-size-large{font-size:29px}.elementor-widget-heading .elementor-heading-title.elementor-size-xl{font-size:39px}.elementor-widget-heading .elementor-heading-title.elementor-size-xxl{font-size:59px}<\/style><h2 class=\"elementor-heading-title elementor-size-default\">Transforma tus Residuos en Energ\u00eda y Fertilidad: Soluciones Sostenibles con Biodigestores y Biofertilizantes<\/h2>\t\t<\/div>\n\t\t\t\t<\/div>\n\t\t\t\t<div class=\"elementor-element elementor-element-05a7b34 elementor-widget elementor-widget-image\" data-id=\"05a7b34\" data-element_type=\"widget\" data-widget_type=\"image.default\">\n\t\t\t\t<div class=\"elementor-widget-container\">\n\t\t\t<style>\/*! elementor - v3.22.0 - 26-06-2024 *\/\n.elementor-widget-image{text-align:center}.elementor-widget-image a{display:inline-block}.elementor-widget-image a img[src$=\".svg\"]{width:48px}.elementor-widget-image img{vertical-align:middle;display:inline-block}<\/style>\t\t\t\t\t\t\t\t\t\t<img fetchpriority=\"high\" decoding=\"async\" width=\"1500\" height=\"1000\" src=\"https:\/\/inbiofert.pe\/wp-content\/uploads\/2024\/07\/vacas.jpg\" class=\"attachment-full size-full wp-image-1822\" alt=\"\" srcset=\"https:\/\/inbiofert.pe\/wp-content\/uploads\/2024\/07\/vacas.jpg 1500w, https:\/\/inbiofert.pe\/wp-content\/uploads\/2024\/07\/vacas-300x200.jpg 300w, https:\/\/inbiofert.pe\/wp-content\/uploads\/2024\/07\/vacas-1024x683.jpg 1024w, https:\/\/inbiofert.pe\/wp-content\/uploads\/2024\/07\/vacas-768x512.jpg 768w\" sizes=\"(max-width: 1500px) 100vw, 1500px\" \/>\t\t\t\t\t\t\t\t\t\t\t\t\t<\/div>\n\t\t\t\t<\/div>\n\t\t\t\t<div class=\"elementor-element elementor-element-fe0145e elementor-widget elementor-widget-text-editor\" data-id=\"fe0145e\" data-element_type=\"widget\" data-widget_type=\"text-editor.default\">\n\t\t\t\t<div class=\"elementor-widget-container\">\n\t\t\t<style>\/*! elementor - v3.22.0 - 26-06-2024 *\/\n.elementor-widget-text-editor.elementor-drop-cap-view-stacked .elementor-drop-cap{background-color:#69727d;color:#fff}.elementor-widget-text-editor.elementor-drop-cap-view-framed .elementor-drop-cap{color:#69727d;border:3px solid;background-color:transparent}.elementor-widget-text-editor:not(.elementor-drop-cap-view-default) .elementor-drop-cap{margin-top:8px}.elementor-widget-text-editor:not(.elementor-drop-cap-view-default) .elementor-drop-cap-letter{width:1em;height:1em}.elementor-widget-text-editor .elementor-drop-cap{float:left;text-align:center;line-height:1;font-size:50px}.elementor-widget-text-editor .elementor-drop-cap-letter{display:inline-block}<\/style>\t\t\t\t<p>Ahorra, produce energ\u00eda renovable y mejora tus cultivos con tecnolog\u00edas ecol\u00f3gicas adaptadas a tus necesidades.<\/p>\t\t\t\t\t\t<\/div>\n\t\t\t\t<\/div>\n\t\t\t\t<div class=\"elementor-element elementor-element-d5f0685 elementor-align-center elementor-widget elementor-widget-button\" data-id=\"d5f0685\" data-element_type=\"widget\" data-widget_type=\"button.default\">\n\t\t\t\t<div class=\"elementor-widget-container\">\n\t\t\t\t\t<div class=\"elementor-button-wrapper\">\n\t\t\t<a class=\"elementor-button elementor-button-link elementor-size-sm\" href=\"https:\/\/wa.link\/7b9vy1\">\n\t\t\t\t\t\t<span class=\"elementor-button-content-wrapper\">\n\t\t\t\t\t\t\t\t\t<span class=\"elementor-button-text\">Descubre c\u00f3mo funciona<\/span>\n\t\t\t\t\t<\/span>\n\t\t\t\t\t<\/a>\n\t\t<\/div>\n\t\t\t\t<\/div>\n\t\t\t\t<\/div>\n\t\t\t\t\t<\/div>\n\t\t<\/div>\n\t\t\t\t\t<\/div>\n\t\t<\/section>\n\t\t\t\t<section class=\"elementor-section elementor-top-section elementor-element elementor-element-8794ujr elementor-section-content-middle elementor-section-boxed elementor-section-height-default elementor-section-height-default wpr-particle-no wpr-jarallax-no wpr-parallax-no wpr-sticky-section-no\" data-id=\"8794ujr\" data-element_type=\"section\" data-settings=\"{&quot;background_background&quot;:&quot;classic&quot;}\">\n\t\t\t\t\t\t\t<div class=\"elementor-background-overlay\"><\/div>\n\t\t\t\t\t\t\t<div class=\"elementor-container elementor-column-gap-no\">\n\t\t\t\t\t<div class=\"elementor-column elementor-col-50 elementor-top-column elementor-element elementor-element-47d11e6\" data-id=\"47d11e6\" data-element_type=\"column\">\n\t\t\t<div class=\"elementor-widget-wrap elementor-element-populated\">\n\t\t\t\t\t\t<div class=\"elementor-element elementor-element-51240be elementor-widget elementor-widget-image\" data-id=\"51240be\" data-element_type=\"widget\" data-widget_type=\"image.default\">\n\t\t\t\t<div class=\"elementor-widget-container\">\n\t\t\t\t\t\t\t\t\t\t\t\t\t<img decoding=\"async\" width=\"1920\" height=\"1280\" src=\"https:\/\/inbiofert.pe\/wp-content\/uploads\/2024\/12\/dung-406217_1920.jpg\" class=\"attachment-full size-full wp-image-1992\" alt=\"\" srcset=\"https:\/\/inbiofert.pe\/wp-content\/uploads\/2024\/12\/dung-406217_1920.jpg 1920w, https:\/\/inbiofert.pe\/wp-content\/uploads\/2024\/12\/dung-406217_1920-300x200.jpg 300w, https:\/\/inbiofert.pe\/wp-content\/uploads\/2024\/12\/dung-406217_1920-1024x683.jpg 1024w, https:\/\/inbiofert.pe\/wp-content\/uploads\/2024\/12\/dung-406217_1920-768x512.jpg 768w, https:\/\/inbiofert.pe\/wp-content\/uploads\/2024\/12\/dung-406217_1920-1536x1024.jpg 1536w, https:\/\/inbiofert.pe\/wp-content\/uploads\/2024\/12\/dung-406217_1920-18x12.jpg 18w\" sizes=\"(max-width: 1920px) 100vw, 1920px\" \/>\t\t\t\t\t\t\t\t\t\t\t\t\t<\/div>\n\t\t\t\t<\/div>\n\t\t\t\t\t<\/div>\n\t\t<\/div>\n\t\t\t\t<div class=\"elementor-column elementor-col-50 elementor-top-column elementor-element elementor-element-e68dcfe\" data-id=\"e68dcfe\" data-element_type=\"column\">\n\t\t\t<div class=\"elementor-widget-wrap elementor-element-populated\">\n\t\t\t\t\t\t<div class=\"elementor-element elementor-element-ff0f137 elementor-widget elementor-widget-heading\" data-id=\"ff0f137\" data-element_type=\"widget\" data-widget_type=\"heading.default\">\n\t\t\t\t<div class=\"elementor-widget-container\">\n\t\t\t<h3 class=\"elementor-heading-title elementor-size-default\">\u00bfSab\u00edas que los residuos org\u00e1nicos representan una oportunidad desaprovechada en muchas industrias y granjas? Estos residuos generan costos innecesarios y afectan el medio ambiente.<\/h3>\t\t<\/div>\n\t\t\t\t<\/div>\n\t\t\t\t<div class=\"elementor-element elementor-element-72da1a5 elementor-widget elementor-widget-text-editor\" data-id=\"72da1a5\" data-element_type=\"widget\" data-widget_type=\"text-editor.default\">\n\t\t\t\t<div class=\"elementor-widget-container\">\n\t\t\t\t\t\t\t<p>Con nuestros biodigestores, conviertes esos residuos en energ\u00eda limpia (biog\u00e1s) y fertilizantes org\u00e1nicos de alta calidad, ahorrando costos y cuidando el planeta.<\/p>\t\t\t\t\t\t<\/div>\n\t\t\t\t<\/div>\n\t\t\t\t<div class=\"elementor-element elementor-element-a6dde25 elementor-align-left elementor-widget elementor-widget-button\" data-id=\"a6dde25\" data-element_type=\"widget\" data-widget_type=\"button.default\">\n\t\t\t\t<div class=\"elementor-widget-container\">\n\t\t\t\t\t<div class=\"elementor-button-wrapper\">\n\t\t\t<a class=\"elementor-button elementor-button-link elementor-size-sm\" href=\"https:\/\/wa.link\/7b9vy1\">\n\t\t\t\t\t\t<span class=\"elementor-button-content-wrapper\">\n\t\t\t\t\t\t\t\t\t<span class=\"elementor-button-text\">Descubre como funciona<\/span>\n\t\t\t\t\t<\/span>\n\t\t\t\t\t<\/a>\n\t\t<\/div>\n\t\t\t\t<\/div>\n\t\t\t\t<\/div>\n\t\t\t\t\t<\/div>\n\t\t<\/div>\n\t\t\t\t\t<\/div>\n\t\t<\/section>\n\t\t\t\t<section class=\"elementor-section elementor-top-section elementor-element elementor-element-e0a89f0 elementor-section-content-middle elementor-section-boxed elementor-section-height-default elementor-section-height-default wpr-particle-no wpr-jarallax-no wpr-parallax-no wpr-sticky-section-no\" data-id=\"e0a89f0\" data-element_type=\"section\" data-settings=\"{&quot;background_background&quot;:&quot;classic&quot;}\">\n\t\t\t\t\t\t\t<div class=\"elementor-background-overlay\"><\/div>\n\t\t\t\t\t\t\t<div class=\"elementor-container elementor-column-gap-no\">\n\t\t\t\t\t<div class=\"elementor-column elementor-col-50 elementor-top-column elementor-element elementor-element-937bf05\" data-id=\"937bf05\" data-element_type=\"column\">\n\t\t\t<div class=\"elementor-widget-wrap elementor-element-populated\">\n\t\t\t\t\t\t<div class=\"elementor-element elementor-element-0d520ef elementor-widget elementor-widget-image\" data-id=\"0d520ef\" data-element_type=\"widget\" data-widget_type=\"image.default\">\n\t\t\t\t<div class=\"elementor-widget-container\">\n\t\t\t\t\t\t\t\t\t\t\t\t\t<img decoding=\"async\" width=\"1121\" height=\"583\" src=\"https:\/\/inbiofert.pe\/wp-content\/uploads\/2024\/07\/modelo-granja.jpg\" class=\"attachment-full size-full wp-image-1915\" alt=\"\" srcset=\"https:\/\/inbiofert.pe\/wp-content\/uploads\/2024\/07\/modelo-granja.jpg 1121w, https:\/\/inbiofert.pe\/wp-content\/uploads\/2024\/07\/modelo-granja-300x156.jpg 300w, https:\/\/inbiofert.pe\/wp-content\/uploads\/2024\/07\/modelo-granja-1024x533.jpg 1024w, https:\/\/inbiofert.pe\/wp-content\/uploads\/2024\/07\/modelo-granja-768x399.jpg 768w\" sizes=\"(max-width: 1121px) 100vw, 1121px\" \/>\t\t\t\t\t\t\t\t\t\t\t\t\t<\/div>\n\t\t\t\t<\/div>\n\t\t\t\t\t<\/div>\n\t\t<\/div>\n\t\t\t\t<div class=\"elementor-column elementor-col-50 elementor-top-column elementor-element elementor-element-3747095\" data-id=\"3747095\" data-element_type=\"column\">\n\t\t\t<div class=\"elementor-widget-wrap elementor-element-populated\">\n\t\t\t\t\t\t<div class=\"elementor-element elementor-element-a9f3312 elementor-widget elementor-widget-heading\" data-id=\"a9f3312\" data-element_type=\"widget\" data-widget_type=\"heading.default\">\n\t\t\t\t<div class=\"elementor-widget-container\">\n\t\t\t<h3 class=\"elementor-heading-title elementor-size-default\">\u00bfPor qu\u00e9 elegir nuestros Biodigestores y Biofertilizantes?<\/h3>\t\t<\/div>\n\t\t\t\t<\/div>\n\t\t\t\t<div class=\"elementor-element elementor-element-10fbc31 elementor-widget elementor-widget-text-editor\" data-id=\"10fbc31\" data-element_type=\"widget\" data-widget_type=\"text-editor.default\">\n\t\t\t\t<div class=\"elementor-widget-container\">\n\t\t\t\t\t\t\t<ul><li><em>Ahorro energ\u00e9tico hasta un 40%.<\/em><\/li><li><em>Producci\u00f3n de biofertilizantes naturales que mejoran la calidad del suelo.<\/em><\/li><li><em>Reducci\u00f3n de residuos y huella ambiental.<\/em><\/li><li><em>Dise\u00f1o adaptado a tus necesidades (industrial, agr\u00edcola o dom\u00e9stico).<\/em><\/li><li><em>Soporte t\u00e9cnico y financiamiento disponible.<\/em><\/li><\/ul>\t\t\t\t\t\t<\/div>\n\t\t\t\t<\/div>\n\t\t\t\t<div class=\"elementor-element elementor-element-794d678 elementor-align-left elementor-widget elementor-widget-button\" data-id=\"794d678\" data-element_type=\"widget\" data-widget_type=\"button.default\">\n\t\t\t\t<div class=\"elementor-widget-container\">\n\t\t\t\t\t<div class=\"elementor-button-wrapper\">\n\t\t\t<a class=\"elementor-button elementor-button-link elementor-size-sm\" href=\"https:\/\/wa.link\/7b9vy1\">\n\t\t\t\t\t\t<span class=\"elementor-button-content-wrapper\">\n\t\t\t\t\t\t\t\t\t<span class=\"elementor-button-text\">Descubre como funciona<\/span>\n\t\t\t\t\t<\/span>\n\t\t\t\t\t<\/a>\n\t\t<\/div>\n\t\t\t\t<\/div>\n\t\t\t\t<\/div>\n\t\t\t\t\t<\/div>\n\t\t<\/div>\n\t\t\t\t\t<\/div>\n\t\t<\/section>\n\t\t\t\t<section class=\"elementor-section elementor-top-section elementor-element elementor-element-401e5ee elementor-section-content-middle elementor-section-boxed elementor-section-height-default elementor-section-height-default wpr-particle-no wpr-jarallax-no wpr-parallax-no wpr-sticky-section-no\" data-id=\"401e5ee\" data-element_type=\"section\" data-settings=\"{&quot;background_background&quot;:&quot;classic&quot;}\">\n\t\t\t\t\t\t\t<div class=\"elementor-background-overlay\"><\/div>\n\t\t\t\t\t\t\t<div class=\"elementor-container elementor-column-gap-no\">\n\t\t\t\t\t<div class=\"elementor-column elementor-col-50 elementor-top-column elementor-element elementor-element-4d96c60\" data-id=\"4d96c60\" data-element_type=\"column\">\n\t\t\t<div class=\"elementor-widget-wrap elementor-element-populated\">\n\t\t\t\t\t\t<div class=\"elementor-element elementor-element-2058c05 elementor-widget elementor-widget-image\" data-id=\"2058c05\" data-element_type=\"widget\" data-widget_type=\"image.default\">\n\t\t\t\t<div class=\"elementor-widget-container\">\n\t\t\t\t\t\t\t\t\t\t\t\t\t<img loading=\"lazy\" decoding=\"async\" width=\"700\" height=\"525\" src=\"https:\/\/inbiofert.pe\/wp-content\/uploads\/2024\/12\/80b2779f0107d3b0c06a052d846a7343.jpg\" class=\"attachment-full size-full wp-image-1991\" alt=\"\" srcset=\"https:\/\/inbiofert.pe\/wp-content\/uploads\/2024\/12\/80b2779f0107d3b0c06a052d846a7343.jpg 700w, https:\/\/inbiofert.pe\/wp-content\/uploads\/2024\/12\/80b2779f0107d3b0c06a052d846a7343-300x225.jpg 300w, https:\/\/inbiofert.pe\/wp-content\/uploads\/2024\/12\/80b2779f0107d3b0c06a052d846a7343-16x12.jpg 16w\" sizes=\"(max-width: 700px) 100vw, 700px\" \/>\t\t\t\t\t\t\t\t\t\t\t\t\t<\/div>\n\t\t\t\t<\/div>\n\t\t\t\t\t<\/div>\n\t\t<\/div>\n\t\t\t\t<div class=\"elementor-column elementor-col-50 elementor-top-column elementor-element elementor-element-7d8d702\" data-id=\"7d8d702\" data-element_type=\"column\">\n\t\t\t<div class=\"elementor-widget-wrap elementor-element-populated\">\n\t\t\t\t\t\t<div class=\"elementor-element elementor-element-b7ed8dd elementor-widget elementor-widget-heading\" data-id=\"b7ed8dd\" data-element_type=\"widget\" data-widget_type=\"heading.default\">\n\t\t\t\t<div class=\"elementor-widget-container\">\n\t\t\t<h3 class=\"elementor-heading-title elementor-size-default\">\u00bfC\u00f3mo Funciona?<\/h3>\t\t<\/div>\n\t\t\t\t<\/div>\n\t\t\t\t<div class=\"elementor-element elementor-element-a85880c elementor-widget elementor-widget-text-editor\" data-id=\"a85880c\" data-element_type=\"widget\" data-widget_type=\"text-editor.default\">\n\t\t\t\t<div class=\"elementor-widget-container\">\n\t\t\t\t\t\t\t<p>Breve descripci\u00f3n en 3 pasos:<\/p><ol><li><em>Recolecci\u00f3n de residuos org\u00e1nicos.<\/em><\/li><li><em>Transformaci\u00f3n en biog\u00e1s y biofertilizantes mediante el biodigestor.<\/em><\/li><li><em>Aprovechamiento sostenible: energ\u00eda y suelo f\u00e9rtil.<\/em><\/li><\/ol>\t\t\t\t\t\t<\/div>\n\t\t\t\t<\/div>\n\t\t\t\t<div class=\"elementor-element elementor-element-cab4a1a elementor-align-left elementor-widget elementor-widget-button\" data-id=\"cab4a1a\" data-element_type=\"widget\" data-widget_type=\"button.default\">\n\t\t\t\t<div class=\"elementor-widget-container\">\n\t\t\t\t\t<div class=\"elementor-button-wrapper\">\n\t\t\t<a class=\"elementor-button elementor-button-link elementor-size-sm\" href=\"https:\/\/wa.link\/7b9vy1\">\n\t\t\t\t\t\t<span class=\"elementor-button-content-wrapper\">\n\t\t\t\t\t\t\t\t\t<span class=\"elementor-button-text\">Descubre m\u00e1s<\/span>\n\t\t\t\t\t<\/span>\n\t\t\t\t\t<\/a>\n\t\t<\/div>\n\t\t\t\t<\/div>\n\t\t\t\t<\/div>\n\t\t\t\t\t<\/div>\n\t\t<\/div>\n\t\t\t\t\t<\/div>\n\t\t<\/section>\n\t\t\t\t<section class=\"elementor-section elementor-top-section elementor-element elementor-element-3c43ef9 elementor-section-content-middle elementor-section-boxed elementor-section-height-default elementor-section-height-default wpr-particle-no wpr-jarallax-no wpr-parallax-no wpr-sticky-section-no\" data-id=\"3c43ef9\" data-element_type=\"section\" data-settings=\"{&quot;background_background&quot;:&quot;classic&quot;}\">\n\t\t\t\t\t\t\t<div class=\"elementor-background-overlay\"><\/div>\n\t\t\t\t\t\t\t<div class=\"elementor-container elementor-column-gap-no\">\n\t\t\t\t\t<div class=\"elementor-column elementor-col-50 elementor-top-column elementor-element elementor-element-afc4319\" data-id=\"afc4319\" data-element_type=\"column\">\n\t\t\t<div class=\"elementor-widget-wrap elementor-element-populated\">\n\t\t\t\t\t\t<div class=\"elementor-element elementor-element-fbca0ad elementor-widget elementor-widget-image\" data-id=\"fbca0ad\" data-element_type=\"widget\" data-widget_type=\"image.default\">\n\t\t\t\t<div class=\"elementor-widget-container\">\n\t\t\t\t\t\t\t\t\t\t\t\t\t<img loading=\"lazy\" decoding=\"async\" width=\"554\" height=\"555\" src=\"https:\/\/inbiofert.pe\/wp-content\/uploads\/2024\/07\/DEMO-GRAN.jpg\" class=\"attachment-full size-full wp-image-1922\" alt=\"\" srcset=\"https:\/\/inbiofert.pe\/wp-content\/uploads\/2024\/07\/DEMO-GRAN.jpg 554w, https:\/\/inbiofert.pe\/wp-content\/uploads\/2024\/07\/DEMO-GRAN-300x300.jpg 300w, https:\/\/inbiofert.pe\/wp-content\/uploads\/2024\/07\/DEMO-GRAN-150x150.jpg 150w\" sizes=\"(max-width: 554px) 100vw, 554px\" \/>\t\t\t\t\t\t\t\t\t\t\t\t\t<\/div>\n\t\t\t\t<\/div>\n\t\t\t\t\t<\/div>\n\t\t<\/div>\n\t\t\t\t<div class=\"elementor-column elementor-col-50 elementor-top-column elementor-element elementor-element-9213ff8\" data-id=\"9213ff8\" data-element_type=\"column\">\n\t\t\t<div class=\"elementor-widget-wrap elementor-element-populated\">\n\t\t\t\t\t\t<div class=\"elementor-element elementor-element-26ef689 elementor-widget elementor-widget-heading\" data-id=\"26ef689\" data-element_type=\"widget\" data-widget_type=\"heading.default\">\n\t\t\t\t<div class=\"elementor-widget-container\">\n\t\t\t<h3 class=\"elementor-heading-title elementor-size-default\">WANUPLANT: CASO DE \u00c9XITO<\/h3>\t\t<\/div>\n\t\t\t\t<\/div>\n\t\t\t\t<div class=\"elementor-element elementor-element-c77d7ee elementor-widget elementor-widget-text-editor\" data-id=\"c77d7ee\" data-element_type=\"widget\" data-widget_type=\"text-editor.default\">\n\t\t\t\t<div class=\"elementor-widget-container\">\n\t\t\t\t\t\t\t<p><em>Desde que implementamos el biodigestor, hemos reducido un 50% los costos de fertilizaci\u00f3n y energ\u00eda. Es la mejor inversi\u00f3n que hemos hecho.\u201d \u2013 Segundo Rivera, Productor<\/em>.<\/p>\t\t\t\t\t\t<\/div>\n\t\t\t\t<\/div>\n\t\t\t\t<div class=\"elementor-element elementor-element-3b76b3b elementor-align-left elementor-widget elementor-widget-button\" data-id=\"3b76b3b\" data-element_type=\"widget\" data-widget_type=\"button.default\">\n\t\t\t\t<div class=\"elementor-widget-container\">\n\t\t\t\t\t<div class=\"elementor-button-wrapper\">\n\t\t\t<a class=\"elementor-button elementor-button-link elementor-size-sm\" href=\"https:\/\/wa.link\/7b9vy1\">\n\t\t\t\t\t\t<span class=\"elementor-button-content-wrapper\">\n\t\t\t\t\t\t\t\t\t<span class=\"elementor-button-text\">Descubre como funciona<\/span>\n\t\t\t\t\t<\/span>\n\t\t\t\t\t<\/a>\n\t\t<\/div>\n\t\t\t\t<\/div>\n\t\t\t\t<\/div>\n\t\t\t\t\t<\/div>\n\t\t<\/div>\n\t\t\t\t\t<\/div>\n\t\t<\/section>\n\t\t\t\t<\/div>","protected":false},"excerpt":{"rendered":"<p>Transforma tus Residuos en Energ\u00eda y Fertilidad: Soluciones Sostenibles con Biodigestores y Biofertilizantes Ahorra, produce energ\u00eda renovable y mejora tus cultivos con tecnolog\u00edas ecol\u00f3gicas adaptadas a tus necesidades. Descubre c\u00f3mo funciona \u00bfSab\u00edas que los residuos org\u00e1nicos representan una oportunidad desaprovechada en muchas industrias y granjas? Estos residuos generan costos innecesarios y afectan el medio ambiente. Con nuestros biodigestores, conviertes esos residuos en energ\u00eda limpia (biog\u00e1s) y fertilizantes org\u00e1nicos de alta calidad, ahorrando costos y cuidando el planeta. Descubre como funciona \u00bfPor qu\u00e9 elegir nuestros Biodigestores y Biofertilizantes? Ahorro energ\u00e9tico hasta un 40%. Producci\u00f3n de biofertilizantes naturales que mejoran la calidad del suelo. Reducci\u00f3n de residuos y huella ambiental. Dise\u00f1o adaptado a tus necesidades (industrial, agr\u00edcola o dom\u00e9stico). Soporte t\u00e9cnico y financiamiento disponible. Descubre como funciona \u00bfC\u00f3mo Funciona? Breve descripci\u00f3n en 3 pasos: Recolecci\u00f3n de residuos org\u00e1nicos. Transformaci\u00f3n en biog\u00e1s y biofertilizantes mediante el biodigestor. Aprovechamiento sostenible: energ\u00eda y suelo f\u00e9rtil. Descubre m\u00e1s WANUPLANT: CASO DE \u00c9XITO Desde que implementamos el biodigestor, hemos reducido un 50% los costos de fertilizaci\u00f3n y energ\u00eda. Es la mejor inversi\u00f3n que hemos hecho.\u201d \u2013 Segundo Rivera, Productor. Descubre como funciona<\/p>","protected":false},"author":1,"featured_media":0,"parent":0,"menu_order":0,"comment_status":"closed","ping_status":"closed","template":"","meta":{"_uag_custom_page_level_css":"","site-sidebar-layout":"no-sidebar","site-content-layout":"page-builder","ast-site-content-layout":"full-width-container","site-content-style":"default","site-sidebar-style":"default","ast-global-header-display":"","ast-banner-title-visibility":"","ast-main-header-display":"","ast-hfb-above-header-display":"","ast-hfb-below-header-display":"","ast-hfb-mobile-header-display":"","site-post-title":"disabled","ast-breadcrumbs-content":"","ast-featured-img":"disabled","footer-sml-layout":"","theme-transparent-header-meta":"","adv-header-id-meta":"","stick-header-meta":"","header-above-stick-meta":"","header-main-stick-meta":"","header-below-stick-meta":"","astra-migrate-meta-layouts":"set","ast-page-background-enabled":"default","ast-page-background-meta":{"desktop":{"background-color":"","background-image":"","background-repeat":"repeat","background-position":"center center","background-size":"auto","background-attachment":"scroll","background-type":"","background-media":"","overlay-type":"","overlay-color":"","overlay-opacity":"","overlay-gradient":""},"tablet":{"background-color":"","background-image":"","background-repeat":"repeat","background-position":"center center","background-size":"auto","background-attachment":"scroll","background-type":"","background-media":"","overlay-type":"","overlay-color":"","overlay-opacity":"","overlay-gradient":""},"mobile":{"background-color":"","background-image":"","background-repeat":"repeat","background-position":"center center","background-size":"auto","background-attachment":"scroll","background-type":"","background-media":"","overlay-type":"","overlay-color":"","overlay-opacity":"","overlay-gradient":""}},"ast-content-background-meta":{"desktop":{"background-color":"var(--ast-global-color-5)","background-image":"","background-repeat":"repeat","background-position":"center center","background-size":"auto","background-attachment":"scroll","background-type":"","background-media":"","overlay-type":"","overlay-color":"","overlay-opacity":"","overlay-gradient":""},"tablet":{"background-color":"var(--ast-global-color-5)","background-image":"","background-repeat":"repeat","background-position":"center center","background-size":"auto","background-attachment":"scroll","background-type":"","background-media":"","overlay-type":"","overlay-color":"","overlay-opacity":"","overlay-gradient":""},"mobile":{"background-color":"var(--ast-global-color-5)","background-image":"","background-repeat":"repeat","background-position":"center center","background-size":"auto","background-attachment":"scroll","background-type":"","background-media":"","overlay-type":"","overlay-color":"","overlay-opacity":"","overlay-gradient":""}},"footnotes":""},"class_list":["post-1980","page","type-page","status-publish","hentry"],"uagb_featured_image_src":{"full":false,"thumbnail":false,"medium":false,"medium_large":false,"large":false,"1536x1536":false,"2048x2048":false,"trp-custom-language-flag":false},"uagb_author_info":{"display_name":"admin","author_link":"https:\/\/inbiofert.pe\/en\/author\/admin\/"},"uagb_comment_info":0,"uagb_excerpt":"Transforma tus Residuos en Energ\u00eda y Fertilidad: Soluciones Sostenibles con Biodigestores y Biofertilizantes Ahorra, produce energ\u00eda renovable y mejora tus cultivos con tecnolog\u00edas ecol\u00f3gicas adaptadas a tus necesidades. Descubre c\u00f3mo funciona \u00bfSab\u00edas que los residuos org\u00e1nicos representan una oportunidad desaprovechada en muchas industrias y granjas? Estos residuos generan costos innecesarios y afectan el medio ambiente.&hellip;","_links":{"self":[{"href":"https:\/\/inbiofert.pe\/en\/wp-json\/wp\/v2\/pages\/1980","targetHints":{"allow":["GET"]}}],"collection":[{"href":"https:\/\/inbiofert.pe\/en\/wp-json\/wp\/v2\/pages"}],"about":[{"href":"https:\/\/inbiofert.pe\/en\/wp-json\/wp\/v2\/types\/page"}],"author":[{"embeddable":true,"href":"https:\/\/inbiofert.pe\/en\/wp-json\/wp\/v2\/users\/1"}],"replies":[{"embeddable":true,"href":"https:\/\/inbiofert.pe\/en\/wp-json\/wp\/v2\/comments?post=1980"}],"version-history":[{"count":25,"href":"https:\/\/inbiofert.pe\/en\/wp-json\/wp\/v2\/pages\/1980\/revisions"}],"predecessor-version":[{"id":2010,"href":"https:\/\/inbiofert.pe\/en\/wp-json\/wp\/v2\/pages\/1980\/revisions\/2010"}],"wp:attachment":[{"href":"https:\/\/inbiofert.pe\/en\/wp-json\/wp\/v2\/media?parent=1980"}],"curies":[{"name":"wp","href":"https:\/\/api.w.org\/{rel}","templated":true}]}}